{"id":41,"date":"2023-04-03T20:55:21","date_gmt":"2023-04-03T18:55:21","guid":{"rendered":"https:\/\/istitutobuenosaires.esteri.it\/?page_id=41"},"modified":"2026-01-12T11:08:33","modified_gmt":"2026-01-12T04:08:33","slug":"contatti","status":"publish","type":"page","link":"https:\/\/iicjakarta.esteri.it\/it\/chi-siamo\/contatti\/","title":{"rendered":"Contatti"},"content":{"rendered":"<p>Istituto Italiano di Cultura Jakarta<br \/>\nJL. Hos Cokroaminoto, 117<br \/>\nMenteng, Jakarta Pusat<br \/>\n10310 Jakarta &#8211; Indonesia<\/p>\n<p>&nbsp;<\/p>\n<p>Telefono: +62 21 3927531\/32<\/p>\n<p>WhatsApp: +62 811-1003-910<\/p>\n<p>Fax: +62 21 3101661<br \/>\nE-mail:\u00a0<a href=\"mailto:iicjakarta@esteri.it\">iicjakarta@esteri.it<\/a><\/p>\n<p>&nbsp;<\/p>\n<p>Orario di apertura al pubblico:<\/p>\n<p>Luned\u00ec :9.30 &#8211; 12.30<\/p>\n<p>Marted\u00ec:9.30 &#8211; 12.30<\/p>\n<p>Mercoled\u00ec:9.30 &#8211; 12.30 \/\/ 14.00 &#8211; 15.30<\/p>\n<p>Gioved\u00ec:9.30 &#8211; 12.30<\/p>\n<p>Venerd\u00ec: 9.30 &#8211; 12.30<\/p>\n<p>&nbsp;<\/p>\n<p>BIBLIOTECA<br \/>\nLuned\u00ec\u2014gioved\u00ec 10.00\u201416.00 (pausa dalle 13.00\u201414.00)<br \/>\nVenerd\u00ec 10.00\u201415.00 (pausa dalle 13.00\u201414.00)<\/p>\n<p>&nbsp;<\/p>\n<p><strong>Calendario delle festivit\u00e0 italiane e indonesiane per il 2026<\/strong><\/p>\n<p>01 gennaio\u00a0 \u00a0 \u00a0 \u00a0 \u00a0 \u00a0 \u00a0 \u00a0 \u00a0Capodanno<\/p>\n<p>21 &amp; 22 marzo\u00a0 \u00a0 \u00a0 \u00a0 \u00a0 \u00a0Idul Fitri<\/p>\n<p>06 aprile\u00a0 \u00a0 \u00a0 \u00a0 \u00a0 \u00a0 \u00a0 \u00a0 \u00a0 \u00a0 \u00a0Luned\u00ec dell\u2019Angelo<\/p>\n<p>25 aprile\u00a0 \u00a0 \u00a0 \u00a0 \u00a0 \u00a0 \u00a0 \u00a0 \u00a0 \u00a0 \u00a0Festa di Liberazione<\/p>\n<p>01 maggio\u00a0 \u00a0 \u00a0 \u00a0 \u00a0 \u00a0 \u00a0 \u00a0 \u00a0 Festa del Lavoro<\/p>\n<p>27 maggio\u00a0 \u00a0 \u00a0 \u00a0 \u00a0 \u00a0 \u00a0 \u00a0 \u00a0 Idul Adha<\/p>\n<p>2 giugno\u00a0 \u00a0 \u00a0 \u00a0 \u00a0 \u00a0 \u00a0 \u00a0 \u00a0 Festa della Repubblica Italiana<\/p>\n<p>17 agosto\u00a0 \u00a0 \u00a0 \u00a0 \u00a0 \u00a0 \u00a0 \u00a0 \u00a0 \u00a0 Festa Nazionale Indonesiana<\/p>\n<p>25 dicembre\u00a0 \u00a0 \u00a0 \u00a0 \u00a0 \u00a0 \u00a0 Natale<\/p>\n<p>26 dicembre\u00a0 \u00a0 \u00a0 \u00a0 \u00a0 \u00a0 \u00a0 Santo Stefano<\/p>\n<p>&nbsp;<\/p>\n","protected":false},"excerpt":{"rendered":"Istituto Italiano di Cultura Jakarta JL. Hos Cokroaminoto, 117 Menteng, Jakarta Pusat 10310 Jakarta &#8211; Indonesia &nbsp; Telefono: +62 21 3927531\/32 WhatsApp: +62 811-1003-910 Fax: +62 21 3101661 E-mail:\u00a0iicjakarta@esteri.it &nbsp; Orario di apertura al pubblico: Luned\u00ec :9.30 &#8211; 12.30 Marted\u00ec:9.30 &#8211; 12.30 Mercoled\u00ec:9.30 &#8211; 12.30 \/\/ 14.00 &#8211; 15.30 Gioved\u00ec:9.30 &#8211; 12.30 Venerd\u00ec: 9.30 &#8211; [&hellip;]","protected":false},"author":1,"featured_media":0,"parent":15,"menu_order":4,"comment_status":"closed","ping_status":"closed","template":"","meta":{"footnotes":""},"class_list":["post-41","page","type-page","status-publish","hentry"],"_links":{"self":[{"href":"https:\/\/iicjakarta.esteri.it\/it\/wp-json\/wp\/v2\/pages\/41","targetHints":{"allow":["GET"]}}],"collection":[{"href":"https:\/\/iicjakarta.esteri.it\/it\/wp-json\/wp\/v2\/pages"}],"about":[{"href":"https:\/\/iicjakarta.esteri.it\/it\/wp-json\/wp\/v2\/types\/page"}],"author":[{"embeddable":true,"href":"https:\/\/iicjakarta.esteri.it\/it\/wp-json\/wp\/v2\/users\/1"}],"replies":[{"embeddable":true,"href":"https:\/\/iicjakarta.esteri.it\/it\/wp-json\/wp\/v2\/comments?post=41"}],"version-history":[{"count":6,"href":"https:\/\/iicjakarta.esteri.it\/it\/wp-json\/wp\/v2\/pages\/41\/revisions"}],"predecessor-version":[{"id":9950,"href":"https:\/\/iicjakarta.esteri.it\/it\/wp-json\/wp\/v2\/pages\/41\/revisions\/9950"}],"up":[{"embeddable":true,"href":"https:\/\/iicjakarta.esteri.it\/it\/wp-json\/wp\/v2\/pages\/15"}],"wp:attachment":[{"href":"https:\/\/iicjakarta.esteri.it\/it\/wp-json\/wp\/v2\/media?parent=41"}],"curies":[{"name":"wp","href":"https:\/\/api.w.org\/{rel}","templated":true}]}}