{"id":5115,"date":"2025-02-06T16:47:25","date_gmt":"2025-02-06T09:47:25","guid":{"rendered":"https:\/\/iicjakarta.esteri.it\/?page_id=5115"},"modified":"2025-02-07T10:50:49","modified_gmt":"2025-02-07T03:50:49","slug":"politiche-di-trattamento-dei-dati-personali","status":"publish","type":"page","link":"https:\/\/iicjakarta.esteri.it\/it\/amministrazione-trasparente\/politiche-di-trattamento-dei-dati-personali\/","title":{"rendered":"Politiche di trattamento dei dati personali"},"content":{"rendered":"<p style=\"text-align: justify;\">Politiche di trattamento dei dati personali dell\u2019Istituto Italiano di Cultura di Jakarta (IIC) del Ministero degli Affari Esteri e della Cooperazione Internazionale (MAECI)<\/p>\n<p>&nbsp;<\/p>\n<p style=\"text-align: justify;\"><strong>Generalit\u00e0<\/strong><\/p>\n<p style=\"text-align: justify;\">Il trattamento dei dati personali effettuato dall\u2019IIC, quale Ufficio estero del MAECI, \u00e8 improntato ai principi di liceit\u00e0, correttezza e trasparenza a tutela dei diritti e delle libert\u00e0 fondamentali delle persone fisiche.<\/p>\n<p style=\"text-align: justify;\">Il titolare del trattamento \u00e8 il MAECI il quale, con riferimento alle attivit\u00e0 istituzionali dell\u2019IIC, opera per il tramite dell\u2019IIC.<\/p>\n<p style=\"text-align: justify;\">Per eventuali quesiti o reclami, l\u2019interessato pu\u00f2 contattare il Responsabile della Protezione dei Dati personali (RPD) del MAECI ai seguenti recapiti:<\/p>\n<p style=\"text-align: justify;\">Ministero degli Affari Esteri e della Cooperazione internazionale<\/p>\n<p style=\"text-align: justify;\">Piazzale della Farnesina 1<\/p>\n<p style=\"text-align: justify;\">00135 Roma<\/p>\n<p style=\"text-align: justify;\">Italia<\/p>\n<p style=\"text-align: justify;\">Telefono: 0039 06 36911 (centralino)<\/p>\n<p style=\"text-align: justify;\">Posta elettronica: rpd@esteri.it<\/p>\n<p style=\"text-align: justify;\">Pec: rpd@cert.esteri.it<\/p>\n<p style=\"text-align: justify;\">I dati personali forniti dall\u2019interessato saranno utilizzati in particolare per le finalit\u00e0 descritte nei seguenti paragrafi riguardo ai singoli servizi.<\/p>\n<p style=\"text-align: justify;\">Il trattamento dei dati forniti dall\u2019interessato \u00e8 basato sul consenso. L\u2019eventuale rifiuto al conferimento dei dati non consentir\u00e0 all\u2019interessato di accedere al servizio.<\/p>\n<p style=\"text-align: justify;\">Fatto salvo quanto indicato nei seguenti paragrafi, il trattamento dei dati \u00e8 effettuato dal personale dell\u2019IIC in modalit\u00e0 mista (manuale e automatizzata).<\/p>\n<p style=\"text-align: justify;\">L\u2019interessato pu\u00f2 chiedere l\u2019accesso ai propri dati personali e la loro rettifica. Fatte salve le conseguenze sull\u2019accesso al servizio, egli pu\u00f2 altres\u00ec chiedere la cancellazione di tali dati e la limitazione del trattamento o l\u2019opposizione al loro trattamento. In questi casi, l\u2019interessato dovr\u00e0 presentare apposita richiesta all\u2019IIC, indirizzata per conoscenza al RPD del MAECI.<\/p>\n<p style=\"text-align: justify;\">Se ritiene che i propri diritti siano stati violati, l\u2019interessato pu\u00f2 presentare un reclamo all\u2019RPD del MAECI (e\/o all\u2019RPD del Responsabile del trattamento). In alternativa, pu\u00f2 rivolgersi al Garante italiano per la Protezione dei Dati personali ai seguenti recapiti:<\/p>\n<p style=\"text-align: justify;\">Piazza di Montecitorio 121<\/p>\n<p style=\"text-align: justify;\">00186 Roma<\/p>\n<p style=\"text-align: justify;\">Tel. 0039 06 696771 (centralino)<\/p>\n<p style=\"text-align: justify;\">Posta elettronica: garante@gpdp.it<\/p>\n<p style=\"text-align: justify;\">Pec: <a href=\"mailto:protocollo@pec.gpdp.it\">protocollo@pec.gpdp.it<\/a><\/p>\n<p>&nbsp;<\/p>\n<p style=\"text-align: justify;\"><strong>Proposte culturali<\/strong><\/p>\n<p style=\"text-align: justify;\">Al fine di valutare e realizzare iniziative culturali, l\u2019Istituto Italiano di Cultura conserva le informazioni personali contenute nella singola proposta, e la comunicazione che la contiene.<\/p>\n<p style=\"text-align: justify;\">Le proposte possono essere inviate all\u2019indirizzo <a href=\"mailto:iicjakarta@esteri.it\">iicjakarta@esteri.it<\/a>. L\u2019Istituto italiano di cultura di Jakarta ringrazia per le proposte di manifestazioni ricevute; dato il loro alto numero, sar\u00e0 possibile dare un riscontro unicamente a quelle che risulteranno compatibili con il programma dell\u2019Istituto.<\/p>\n<p>&nbsp;<\/p>\n<p style=\"text-align: justify;\"><strong>Candidature spontanee per tirocini<\/strong><\/p>\n<p style=\"text-align: justify;\">Considerate le disposizioni ministeriali in tema di\u00a0tirocini, le informazioni personali contenute nella singola candidatura, e la comunicazione che la contiene, sono cancellate dall\u2019IIC subito dopo la loro ricezione.<\/p>\n<p style=\"text-align: justify;\">L\u2019<strong>Istituto Italiano di Cultura di Jakarta <\/strong>aderisce al programma di <strong>tirocini curriculari di durata trimestrale<\/strong> presso le sedi all\u2019estero stipulato in base alla <strong>Convenzione fra il Ministero degli Affari Esteri e della Cooperazione Internazionale, il Miur e la Fondazione CRUI<\/strong>. L\u2019IIC Jakarta non organizza stage in proprio, non aderisce ad altri programmi n\u00e9 accetta candidature spontanee.<\/p>\n<p style=\"text-align: justify;\">La Fondazione CRUI cura il processo di preselezione dei tirocinanti d\u2019intesa con le Universit\u00e0 e pubblica regolarmente i bandi trimestrali (<a href=\"http:\/\/www.fondazionecrui.it\/\">www.fondazionecrui.it<\/a>).<\/p>\n<p>&nbsp;<\/p>\n<p style=\"text-align: justify;\"><strong>Candidature spontanee per l\u2019insegnamento di lingua e cultura italiane<\/strong><\/p>\n<p style=\"text-align: justify;\">Considerato che l\u2019IIC affida a terzi la gestione dei propri corsi e che perci\u00f2 l\u2019IIC non ha nessun ruolo nel reclutamento dei relativi insegnanti n\u00e9 per ragioni d\u2019imparzialit\u00e0 pu\u00f2 inoltrare ai gestori di detti corsi le candidature all\u2019insegnamento pervenutegli da aspiranti docenti,\u00a0le informazioni personali contenute nella singola candidatura, e la comunicazione che la contiene, sono cancellate dall\u2019IIC subito dopo la loro ricezione.<\/p>\n<p>&nbsp;<\/p>\n<p style=\"text-align: justify;\"><strong>Iscrizione agli event<\/strong>i<\/p>\n<p style=\"text-align: justify;\">Il servizio di iscrizione agli eventi dell\u2019Istituto \u00e8 effettuato attraverso un link dedicato ai singoli eventi. Iscrivendoti agli eventi, accetti che i tuoi dati personali siano utilizzati per la promozione degli eventi organizzati da questo Istituto.<\/p>\n<p>&nbsp;<\/p>\n<p style=\"text-align: justify;\"><strong>Collegamenti a siti esterni<\/strong><\/p>\n<p style=\"text-align: justify;\">Il sito web dell\u2019IIC contiene collegamenti a siti esterni non gestiti dall\u2019IIC. Tali siti sono soggetti alle proprie condizioni d\u2019uso e alle proprie politiche di trattamento dei dati personali, che possono essere regolate in modo diverso da quelle del sito dell\u2019IIC. Le informazioni e le opinioni espresse nei siti esterni non riflettono necessariamente la posizione dell\u2019IIC.<\/p>\n<p>&nbsp;<\/p>\n<p style=\"text-align: justify;\">Ultimo aggiornamento effettuato il: 06.01.2025<\/p>\n","protected":false},"excerpt":{"rendered":"Politiche di trattamento dei dati personali dell\u2019Istituto Italiano di Cultura di Jakarta (IIC) del Ministero degli Affari Esteri e della Cooperazione Internazionale (MAECI) &nbsp; Generalit\u00e0 Il trattamento dei dati personali effettuato dall\u2019IIC, quale Ufficio estero del MAECI, \u00e8 improntato ai principi di liceit\u00e0, correttezza e trasparenza a tutela dei diritti e delle libert\u00e0 fondamentali delle [&hellip;]","protected":false},"author":1,"featured_media":0,"parent":23,"menu_order":12,"comment_status":"closed","ping_status":"closed","template":"","meta":{"footnotes":""},"class_list":["post-5115","page","type-page","status-publish","hentry"],"_links":{"self":[{"href":"https:\/\/iicjakarta.esteri.it\/it\/wp-json\/wp\/v2\/pages\/5115","targetHints":{"allow":["GET"]}}],"collection":[{"href":"https:\/\/iicjakarta.esteri.it\/it\/wp-json\/wp\/v2\/pages"}],"about":[{"href":"https:\/\/iicjakarta.esteri.it\/it\/wp-json\/wp\/v2\/types\/page"}],"author":[{"embeddable":true,"href":"https:\/\/iicjakarta.esteri.it\/it\/wp-json\/wp\/v2\/users\/1"}],"replies":[{"embeddable":true,"href":"https:\/\/iicjakarta.esteri.it\/it\/wp-json\/wp\/v2\/comments?post=5115"}],"version-history":[{"count":4,"href":"https:\/\/iicjakarta.esteri.it\/it\/wp-json\/wp\/v2\/pages\/5115\/revisions"}],"predecessor-version":[{"id":5134,"href":"https:\/\/iicjakarta.esteri.it\/it\/wp-json\/wp\/v2\/pages\/5115\/revisions\/5134"}],"up":[{"embeddable":true,"href":"https:\/\/iicjakarta.esteri.it\/it\/wp-json\/wp\/v2\/pages\/23"}],"wp:attachment":[{"href":"https:\/\/iicjakarta.esteri.it\/it\/wp-json\/wp\/v2\/media?parent=5115"}],"curies":[{"name":"wp","href":"https:\/\/api.w.org\/{rel}","templated":true}]}}