{"id":5137,"date":"2025-02-07T11:04:30","date_gmt":"2025-02-07T04:04:30","guid":{"rendered":"https:\/\/iicjakarta.esteri.it\/?page_id=5137"},"modified":"2026-01-12T17:30:02","modified_gmt":"2026-01-12T10:30:02","slug":"sponsorizzazione","status":"publish","type":"page","link":"https:\/\/iicjakarta.esteri.it\/it\/amministrazione-trasparente\/avvisi-evidenza-pubblica\/sponsorizzazione\/","title":{"rendered":"Sponsorizzazione"},"content":{"rendered":"<p style=\"text-align: justify;\"><strong>(aggiornato 12\/01\/2026)<\/strong><\/p>\n<p style=\"text-align: justify;\">L\u2019Istituto Italiano di Cultura di Jakarta, nell\u2019ambito della sua attivit\u00e0 di promozione della lingua e della cultura italiana, realizza ogni anno numerosi eventi. A tale scopo, questo Istituto intende avvalersi della<strong> sponsorizzazione da parte di soggetti pubblici o privati<\/strong> interessati che dietro sostegno in denaro e\/o con forniture o servizi, intendano rendere visibile la propria immagine attraverso la <strong>pubblicazione del proprio logo sugli inviti o altro materiale promozionale realizzato per l\u2019evento (manifesto, banner, catalogo, ecc.)<\/strong><u>.<\/u><\/p>\n<p style=\"text-align: justify;\"><strong>L\u2019avviso per la sponsorizzazione sar\u00e0 sempre a disposizione in questa sezione della pagina web dell\u2019Istituto.<\/strong><\/p>\n<p style=\"text-align: justify;\">Gli sponsor avranno la possibilit\u00e0 di promuovere la propria immagine nelle modalit\u00e0 di volta in volta concordate con l\u2019Istituto nell\u2019apposito contratto di sponsorizzazione che sar\u00e0 perfezionato secondo i termini descritti nel presente\u00a0<strong>Avviso<\/strong>.<\/p>\n<p style=\"text-align: justify;\">Le sponsorizzazioni, donazioni o altre liberalit\u00e0, come tutte le attivit\u00e0 della Pubblica Amministrazione, devono essere volte al perseguimento di un interesse pubblico (art. 43 della Legge n. 449\/1997).<\/p>\n<p style=\"text-align: justify;\">\u00c8 possibile manifestare il proprio interesse nelle modalit\u00e0 specificate nel summenzionato Avviso.<\/p>\n<p style=\"text-align: justify;\">I soggetti interessati possono inviare un messaggio di posta elettronica all\u2019indirizzo\u00a0<u><a href=\"mailto:iicjakarta@esteri.it\">iicjakarta@esteri.it<\/a><\/u>. II messaggio dovr\u00e0 avere per oggetto \u201c<em>Manifestazione di Interesse per Sponsorizzazione<\/em>\u201d e includere i seguenti documenti, compilati e firmati:<\/p>\n<ul style=\"text-align: justify;\">\n<li>Modulo manifestazione di interesse per sponsorizzazioni<\/li>\n<li>Dichiarazione sostitutiva<\/li>\n<li>Dichiarazione sulla protezione dei dati personali<\/li>\n<\/ul>\n<p style=\"text-align: justify;\">La manifestazione di interesse dovr\u00e0 riportare ogni elemento utile per identificare il soggetto, con specifica indicazione del settore di attivit\u00e0 di competenza.<\/p>\n<p style=\"text-align: justify;\"><strong>La presente comunicazione non impegna in alcuno modo l\u2019Istituto, che si riserva il diritto di valutare la proposta. <\/strong>L\u2019Istituto Italiano di Cultura si riserva di effettuare una selezione delle offerte di sponsorizzazione, secondo <strong>principi di trasparenza e imparzialit\u00e0<\/strong>, per evitare ogni conflitto di interesse tra attivit\u00e0 pubblica e privata, possibili danni all\u2019immagine e alle iniziative dell\u2019Istituto ovvero qualora reputi l\u2019offerta inaccettabile per motivi di opportunit\u00e0 o contrariet\u00e0 alla legge italiana.<\/p>\n<p style=\"text-align: justify;\">L\u2019Istituto si riserva la possibilit\u00e0 di pubblicare a continuazione avvisi pubblici per la ricerca di sponsor per eventi specifici, per i quali potr\u00e0 consentire la presenza di pi\u00f9 sponsor per il finanziamento di ciascuna iniziativa.<\/p>\n","protected":false},"excerpt":{"rendered":"(aggiornato 12\/01\/2026) L\u2019Istituto Italiano di Cultura di Jakarta, nell\u2019ambito della sua attivit\u00e0 di promozione della lingua e della cultura italiana, realizza ogni anno numerosi eventi. A tale scopo, questo Istituto intende avvalersi della sponsorizzazione da parte di soggetti pubblici o privati interessati che dietro sostegno in denaro e\/o con forniture o servizi, intendano rendere visibile [&hellip;]","protected":false},"author":4,"featured_media":0,"parent":5112,"menu_order":0,"comment_status":"closed","ping_status":"closed","template":"","meta":{"footnotes":""},"class_list":["post-5137","page","type-page","status-publish","hentry"],"_links":{"self":[{"href":"https:\/\/iicjakarta.esteri.it\/it\/wp-json\/wp\/v2\/pages\/5137","targetHints":{"allow":["GET"]}}],"collection":[{"href":"https:\/\/iicjakarta.esteri.it\/it\/wp-json\/wp\/v2\/pages"}],"about":[{"href":"https:\/\/iicjakarta.esteri.it\/it\/wp-json\/wp\/v2\/types\/page"}],"author":[{"embeddable":true,"href":"https:\/\/iicjakarta.esteri.it\/it\/wp-json\/wp\/v2\/users\/4"}],"replies":[{"embeddable":true,"href":"https:\/\/iicjakarta.esteri.it\/it\/wp-json\/wp\/v2\/comments?post=5137"}],"version-history":[{"count":6,"href":"https:\/\/iicjakarta.esteri.it\/it\/wp-json\/wp\/v2\/pages\/5137\/revisions"}],"predecessor-version":[{"id":9965,"href":"https:\/\/iicjakarta.esteri.it\/it\/wp-json\/wp\/v2\/pages\/5137\/revisions\/9965"}],"up":[{"embeddable":true,"href":"https:\/\/iicjakarta.esteri.it\/it\/wp-json\/wp\/v2\/pages\/5112"}],"wp:attachment":[{"href":"https:\/\/iicjakarta.esteri.it\/it\/wp-json\/wp\/v2\/media?parent=5137"}],"curies":[{"name":"wp","href":"https:\/\/api.w.org\/{rel}","templated":true}]}}